{"id":171,"date":"2012-07-12T11:13:58","date_gmt":"2012-07-12T09:13:58","guid":{"rendered":"http:\/\/psr.mediameans.de\/?page_id=171"},"modified":"2022-05-08T20:44:01","modified_gmt":"2022-05-08T18:44:01","slug":"impressum-2","status":"publish","type":"page","link":"http:\/\/p-s-r.com\/en\/impressum-2\/","title":{"rendered":"Impressum"},"content":{"rendered":"<p>Verantwortlich f\u00fcr den Inhalt i.S.d. \u00a7 10 MDStV:<br \/>\nPeter Sch\u00f6fer Racing<br \/>\nKirchfeldstra\u00dfe 24,<br \/>\nAich,<br \/>\n85368 Moosburg<br \/>\nTelefon +49 8761 6970<\/p>\n<p>&nbsp;<\/p>\n<address>Rechtliche Hinweise:<\/address>\n<address>Das ist eine private Homepage, sie geh\u00f6rt weder einer Firma, noch ist sie Teil einer Firma. Die Seite dient ausschlie\u00dflich zu Informationszwecken und aus ihr wird keinerlei finanzieller Nutzen gezogen. Bei allen Texten und Grafiken liegt das Copyright (falls nicht anders beschrieben) beim Seitenbetreiber, eine Verwendung ist nur mit Genehmigung des Seitenbetreibers erlaubt.<br \/>\nDas Landgericht Hamburg hat mit Urteil vom 12.05.1998 entschieden, dass man durch die Ausbringung eines Links die Inhalte der gelinkten Seite ggfs. mit zu verantworten hat. Dies kann \u2013 so das LG \u2013 nur dadurch verhindert werden, dass man sich ausdr\u00fccklich von diesen Inhalten distanziert. Ich habe auf meiner Homepage Links zu anderen Seiten im Internet gelegt. F\u00fcr all diese Links gilt: Ich m\u00f6chte ausdr\u00fccklich betonen, dass ich keinerlei Einfluss auf die Gestaltung und die Inhalte der gelinkten Seiten habe. Deshalb distanziere ich mich hiermit ausdr\u00fccklich von allen Inhalten aller gelinkten Seiten auf meiner gesamten Website inkl. aller Unterseiten. Diese Erkl\u00e4rung gilt f\u00fcr alle auf meiner Homepage ausgebrachten Links und f\u00fcr alle Inhalte der Seiten, zu denen Links oder Banner f\u00fchren.<br \/>\nVerantwortlicher f\u00fcr den Inhalt der kompletten Webseite: Wolfgang Sch\u00f6fer, n\u00e4here Informationen sind auf der &#8220;Kontakt&#8221;- Seite zu finden.<\/address>\n","protected":false},"excerpt":{"rendered":"<div class=\"mh-excerpt\"><p>Verantwortlich f\u00fcr den Inhalt i.S.d. \u00a7 10 MDStV: Peter Sch\u00f6fer Racing Kirchfeldstra\u00dfe 24, Aich, 85368 Moosburg Telefon +49 8761 6970 &nbsp; Rechtliche Hinweise: Das ist <a class=\"mh-excerpt-more\" href=\"http:\/\/p-s-r.com\/en\/impressum-2\/\" title=\"Impressum\">[&#8230;]<\/a><\/p>\n<\/div>","protected":false},"author":1,"featured_media":0,"parent":0,"menu_order":15,"comment_status":"closed","ping_status":"closed","template":"","meta":{"ngg_post_thumbnail":0,"footnotes":""},"class_list":["post-171","page","type-page","status-publish","hentry"],"_links":{"self":[{"href":"http:\/\/p-s-r.com\/en\/wp-json\/wp\/v2\/pages\/171","targetHints":{"allow":["GET"]}}],"collection":[{"href":"http:\/\/p-s-r.com\/en\/wp-json\/wp\/v2\/pages"}],"about":[{"href":"http:\/\/p-s-r.com\/en\/wp-json\/wp\/v2\/types\/page"}],"author":[{"embeddable":true,"href":"http:\/\/p-s-r.com\/en\/wp-json\/wp\/v2\/users\/1"}],"replies":[{"embeddable":true,"href":"http:\/\/p-s-r.com\/en\/wp-json\/wp\/v2\/comments?post=171"}],"version-history":[{"count":11,"href":"http:\/\/p-s-r.com\/en\/wp-json\/wp\/v2\/pages\/171\/revisions"}],"predecessor-version":[{"id":5851,"href":"http:\/\/p-s-r.com\/en\/wp-json\/wp\/v2\/pages\/171\/revisions\/5851"}],"wp:attachment":[{"href":"http:\/\/p-s-r.com\/en\/wp-json\/wp\/v2\/media?parent=171"}],"curies":[{"name":"wp","href":"https:\/\/api.w.org\/{rel}","templated":true}]}}