{"id":679,"date":"2012-07-04T16:02:28","date_gmt":"2012-07-04T16:02:28","guid":{"rendered":"http:\/\/p-s-r.com\/?page_id=679"},"modified":"2020-02-24T20:25:37","modified_gmt":"2020-02-24T19:25:37","slug":"gastebuch","status":"publish","type":"page","link":"http:\/\/p-s-r.com\/en\/gastebuch\/","title":{"rendered":"G\u00e4stebuch &#8211;"},"content":{"rendered":"<p>&nbsp;<\/p>\n<p><strong>Hallo,<br \/>\nda wir zurzeit mit Spam zugem\u00fcllt werden, haben wir das G\u00e4stebuch vor\u00fcbergehend deaktiviert. Ihr k\u00f6nnt uns aber gerne eine Email \u00fcber das Kontaktformular schicken mit dem Betreff &#8220;G\u00e4stebuch&#8221;, dann werden wir es hier als Textdatei ver\u00f6ffentlichen&#8230;vielen Dank f\u00fcr das Verst\u00e4ndnis und viele Gr\u00fc\u00dfe, euer Peter Sch\u00f6fer Team<\/strong><\/p>\n<p>&nbsp;<\/p>\n<p><strong>Hi,<br \/>\nsince we get more and more spam, the guestbook is no longer available, if you want to leave a comment in the guestbook, please email us by using the contact form with the subject &#8220;guestbook&#8221; and we will publish your mail as a text in this file. Thanks a lot for your understanding. Regards, your Peter Schoefer Team<\/strong><\/p>\n<p>&nbsp;<\/p>\n<p>Klaus-Peter Mohren<br \/>\nErstellt Tue, 12 August 2014 09:57:18<br \/>\nServus Jungs, schade dass es in Hockenheim mit dem Sieg nicht geklappt hat ;-( Daf\u00fcr habt ihr mit Sicherheit neue Fans dazu gewonnen! Ach ja, ich bin der mit dem Schnurrbart, Sachrichter an der 1\/8 Meile. Bis zum n\u00e4chsten Jahr! K.-P. Mohren<\/p>\n<p>Katrin Lauren<br \/>\nErstellt Mon, 11 August 2014 10:31:50<br \/>\nHallo PSR- Team. Ihr ward Spitze auf dem Hockenheimring. Wir haben uns die Daumen blau gedr\u00fcckt f\u00fcr den Sieg, umso trauriger waren wir dass es nicht geklappt hat. Nicht aufgeben, das n\u00e4chste Rennen ist euer. Weiter so. Liebe Gr\u00fc\u00dfe aus Amberg Katrin Lauren und Oliver Grosch.<\/p>\n<p>Schwemmer Karlheinz<br \/>\nErstellt Mon, 7 July 2014 20:43:31<br \/>\nServus Pat, Du hast mich heute \u00fcberzeugt&#8230; wenn Du meinen Motor machst dann kann ich mit Sicherheit sagen das er wirklich Saum\u00e4\u00dfig gut wird ! Hat mich sehr gefreut Dich kennenzulernen zu d\u00fcrfen glg und weiterhin viel Erfolg Heinzi und das Checkerwerkstattteam<\/p>\n<p>Sabrina pit marshall<br \/>\nErstellt Mon, 27 August 2012 14:51:17<br \/>\nThank you guys for a great race in Tierp. You are the loveliest people! Have a nice winter, and see you next year! \/ Sabrina<\/p>\n<p>Ralf . M<br \/>\nErstellt Tue, 21 August 2012 14:57:29<br \/>\nHallo und guten Tag, gro\u00dfes Kompliment tolle neue Webseite von euch (endlich ) Ich als riesen Dragster Fan und gro\u00dfer Fan von TMD Dragster freue mich sehr so viele Infos und Bilder von euch und von Dragster Rennsport allgemein auf eurer Seite zu finden. Alles Liebe alles Gute w\u00fcnsche ich euch ich freue mich schon sehr euch beim n\u00e4chsten Rennen zu sehen. Liebe Gr\u00fc\u00dfe Ralf<\/p>\n<p>Anja Bendiek<br \/>\nErstellt Fri, 17 August 2012 09:51:20<br \/>\nhabt ihr super gemacht in Hockenheim, viel Gl\u00fcck und alles Gute weiterhin. lg Anja aus M\u00fcnchen<\/p>\n<p>PSR<br \/>\nErstellt Tue, 31 July 2012 08:42:11<br \/>\nHerzlich Willkommen in unserem neuen G\u00e4stebuch und viel Spa\u00df auf unserer neugestalteten Seite. Viele Gr\u00fc\u00dfe euer Peter Sch\u00f6fer Racing Team<\/p>\n","protected":false},"excerpt":{"rendered":"<div class=\"mh-excerpt\"><p>&nbsp; Hallo, da wir zurzeit mit Spam zugem\u00fcllt werden, haben wir das G\u00e4stebuch vor\u00fcbergehend deaktiviert. Ihr k\u00f6nnt uns aber gerne eine Email \u00fcber das Kontaktformular <a class=\"mh-excerpt-more\" href=\"http:\/\/p-s-r.com\/en\/gastebuch\/\" title=\"G\u00e4stebuch &#8211;\">[&#8230;]<\/a><\/p>\n<\/div>","protected":false},"author":1,"featured_media":0,"parent":0,"menu_order":10,"comment_status":"closed","ping_status":"open","template":"","meta":{"ngg_post_thumbnail":0,"footnotes":""},"class_list":["post-679","page","type-page","status-publish","hentry"],"_links":{"self":[{"href":"http:\/\/p-s-r.com\/en\/wp-json\/wp\/v2\/pages\/679","targetHints":{"allow":["GET"]}}],"collection":[{"href":"http:\/\/p-s-r.com\/en\/wp-json\/wp\/v2\/pages"}],"about":[{"href":"http:\/\/p-s-r.com\/en\/wp-json\/wp\/v2\/types\/page"}],"author":[{"embeddable":true,"href":"http:\/\/p-s-r.com\/en\/wp-json\/wp\/v2\/users\/1"}],"replies":[{"embeddable":true,"href":"http:\/\/p-s-r.com\/en\/wp-json\/wp\/v2\/comments?post=679"}],"version-history":[{"count":15,"href":"http:\/\/p-s-r.com\/en\/wp-json\/wp\/v2\/pages\/679\/revisions"}],"predecessor-version":[{"id":2002,"href":"http:\/\/p-s-r.com\/en\/wp-json\/wp\/v2\/pages\/679\/revisions\/2002"}],"wp:attachment":[{"href":"http:\/\/p-s-r.com\/en\/wp-json\/wp\/v2\/media?parent=679"}],"curies":[{"name":"wp","href":"https:\/\/api.w.org\/{rel}","templated":true}]}}